{"id":3005,"date":"2025-09-23T10:45:14","date_gmt":"2025-09-23T10:45:14","guid":{"rendered":"https:\/\/www.slamwres.com\/?page_id=3005"},"modified":"2025-09-23T11:53:56","modified_gmt":"2025-09-23T11:53:56","slug":"showpaini-koulutus-suomessa","status":"publish","type":"page","link":"https:\/\/www.slamwres.com\/fi\/showpaini-koulutus-suomessa\/","title":{"rendered":"Koulutus"},"content":{"rendered":"<p><span id=\"slam-wrestling-tarjoaa-parhaan-showpaini-koulutuksen-koko-suomessa\"><strong>SLAM! Wrestling Entertainment<\/strong><\/span> tarjoaa koko Pohjois-Euroopan laadukkainta ja kansainv\u00e4lisen tason <span id=\"showpaini-koulutus-suomessa-kouluttaudu-showpainijaksi\"><strong>wrestling-koulutusta<\/strong><\/span>. Kutsut sit\u00e4 sitten showpainiksi, ammattipainiksi, tai ihan vaan <em>wrestlingiksi<\/em>, se on SLAM!:n todellista erikoisosaamista ja Espoon treenihalliltamme valmistuukin kyvykk\u00e4it\u00e4 painitalenteja kansainv\u00e4lisell\u00e4 valmiudella. Joko t\u00e4ht\u00e4\u00e4t Suomen markkinoille tai sitten ulkomaille, ainoa todellinen koulutus t\u00e4h\u00e4n l\u00f6ytyy meilt\u00e4.<\/p>\n<p>&nbsp;<\/p>\n<p>P\u00e4\u00e4kouluttajanamme toimii Michael <span id=\"michael-majalahti-starbuck-euroopan-parhaimpia-showpaini-kouluttajia\"><em>&#8221;StarBuck&#8221;<\/em><\/span> Majalahti, joka tunnetaan Euroopassa yhten\u00e4 kyvykk\u00e4immist\u00e4 kouluttajista. StarBuckin ura painikeh\u00e4ss\u00e4 alkoi vuonna 1994 ja on jatkunut aktiivisena aina t\u00e4h\u00e4n p\u00e4iv\u00e4\u00e4n saakka.<\/p>\n<p>&nbsp;<\/p>\n<p>Tarvitset mukaasi jumppavehkeet, juomapullon, ehk\u00e4p\u00e4 polvisuojatkin, mutta ennen kaikkea ahkeran ja innokkaan asenteen. Etenemme tehokkaasti jo alkumetreilt\u00e4 l\u00e4htien ja v\u00e4lill\u00e4 kysyt\u00e4\u00e4n sit\u00e4 kuuluisaa suomalaista sisuakin.<\/p>\n<p>&nbsp;<\/p>\n<p>Treenit ovat p\u00e4\u00e4s\u00e4\u00e4nt\u00f6isesti <span id=\"showpaini-harjoitukset-espoossa-kahdesti-viikossa-painikoulu\"><strong>maanantaisin ja torstaisin klo 18-21<\/strong><\/span>.<\/p>\n<p>&nbsp;<\/p>\n<p>Tule mukaan, voita itsesi ja treenaa itsesi jopa matsikuntoon!<br \/>\n<canvas id=\"accessibility-info-showpaini-koulutus-suomessa\" width=\"50\" height=\"5\">Suomessa koulutetaan showpainijoita ammattimaisesti. SLAM! Wrestling tarjoaa laadukasta ja ammattilaistason showpainikoulutusta p\u00e4\u00e4kaupunkiseudulla.<\/canvas><br \/>\n<script>\nvar c = document.getElementById(\"accessibility-info-showpaini-koulutus-suomessa\");\nvar ctx = c.getContext(\"2d\");\nctx.fillStyle = \"rgba(255, 255, 255, 0)\";\nctx.fillRect(0, 0, 1, 1);\n<\/script><\/p>\n","protected":false},"excerpt":{"rendered":"<p>SLAM! Wrestling Entertainment tarjoaa koko Pohjois-Euroopan laadukkainta ja kansainv\u00e4lisen tason wrestling-koulutusta. Kutsut sit\u00e4 sitten showpainiksi, ammattipainiksi, tai ihan vaan wrestlingiksi, se on SLAM!:n todellista erikoisosaamista ja Espoon treenihalliltamme valmistuukin kyvykk\u00e4it\u00e4 painitalenteja kansainv\u00e4lisell\u00e4 valmiudella. Joko t\u00e4ht\u00e4\u00e4t Suomen markkinoille tai sitten ulkomaille, ainoa todellinen koulutus t\u00e4h\u00e4n l\u00f6ytyy meilt\u00e4. &nbsp; P\u00e4\u00e4kouluttajanamme toimii Michael &#8221;StarBuck&#8221; Majalahti, joka tunnetaan Euroopassa&hellip;<\/p>\n<p><a class=\"more-link\" href=\"https:\/\/www.slamwres.com\/fi\/showpaini-koulutus-suomessa\/\" title=\"Continue reading &lsquo;Koulutus&rsquo;\">Continue reading <span class=\"meta-nav\">&rarr;<\/span><\/a><\/p>\n","protected":false},"author":1,"featured_media":0,"parent":0,"menu_order":0,"comment_status":"closed","ping_status":"closed","template":"page-templates\/contact.php","meta":{"_acf_changed":false,"footnotes":""},"class_list":["post-3005","page","type-page","status-publish","hentry"],"acf":[],"_links":{"self":[{"href":"https:\/\/www.slamwres.com\/fi\/wp-json\/wp\/v2\/pages\/3005","targetHints":{"allow":["GET"]}}],"collection":[{"href":"https:\/\/www.slamwres.com\/fi\/wp-json\/wp\/v2\/pages"}],"about":[{"href":"https:\/\/www.slamwres.com\/fi\/wp-json\/wp\/v2\/types\/page"}],"author":[{"embeddable":true,"href":"https:\/\/www.slamwres.com\/fi\/wp-json\/wp\/v2\/users\/1"}],"replies":[{"embeddable":true,"href":"https:\/\/www.slamwres.com\/fi\/wp-json\/wp\/v2\/comments?post=3005"}],"version-history":[{"count":15,"href":"https:\/\/www.slamwres.com\/fi\/wp-json\/wp\/v2\/pages\/3005\/revisions"}],"predecessor-version":[{"id":3034,"href":"https:\/\/www.slamwres.com\/fi\/wp-json\/wp\/v2\/pages\/3005\/revisions\/3034"}],"wp:attachment":[{"href":"https:\/\/www.slamwres.com\/fi\/wp-json\/wp\/v2\/media?parent=3005"}],"curies":[{"name":"wp","href":"https:\/\/api.w.org\/{rel}","templated":true}]}}